{"id":302,"date":"2022-11-28T14:56:27","date_gmt":"2022-11-28T13:56:27","guid":{"rendered":"https:\/\/reingesaegt.de\/?page_id=302"},"modified":"2023-02-04T19:33:16","modified_gmt":"2023-02-04T18:33:16","slug":"impressum","status":"publish","type":"page","link":"https:\/\/www.reingesaegt.de\/en\/impressum\/","title":{"rendered":"Impressum"},"content":{"rendered":"<div class=\"bm-builder clearfix\"><div id=\"\" class=\"module col-12 module-id-1670427328403 bm-wrap row-middle row-left keep-origin-layout-mobile bm-wrap-height-auto\" data-module-col=\"12\" data-change-color=\"on\" data-backcolor=\"#000000\" data-frontcolor=\"\" data-logocolor=\"default-logo-univer\" data-goto-top=\"off\" data-goto-top-spacing=\"0\" data-goto-disable-m=\"off\" data-groupsameheight=\"off\"><div class=\"module-inside group-inside\" style=\"--cornerRadius:0px 0px 0px 0px ; --top-mod: 0px;--bottom-mod: 60px;--top-mod-t: 0px;--bottom-mod-t: 60px;--top-mod-m:20px;--bottom-mod-m:40px;\" ><div class=\"bm-background-img\" style=\"background-attachment:scroll;--maskOpacity:0.00000001;\"><\/div><div id=\"\" class=\"module col-0 module-id-1670427328593\" data-module-col=\"0\"><div class=\"module-inside text-inside prarallaxEnable\" style=\"--traksX:translateX(0px); --traksXM:translateX(0px); --traksY:translateY(0px); --traksYM:translateY(0px); --SkewY:skewY(0deg); --SkewYM:skewY(0deg); --SkewX:skewX(0deg); --SkewXM:skewX(0deg); --scale:scale(1); --scaleM:scale(1); --rotate:rotate(0deg); --rotateM:rotate(0deg); --top-mod: 0px;--bottom-mod: 45px;--top-mod-t: 0px;--bottom-mod-t: 45px;--top-mod-m:0px;--bottom-mod-m:20px;\" ><div class=\"text_block_out\"  data-effect=\"standard\" style=\"\"><div class=\"text_block withbg background_image\"><div class=\"bm-background-img\" style=\"\"><\/div><div class=\"text_block_inn\"><div id=\"text-1670427328593\" class=\"text_block_centered text_block_centered_enable_width\"  style=\"\"><h1 class=\"text-clip-style\" style=\"font-size: 10.2vw; text-align: center;\">&nbsp;<span style=\"color: #ffff00;\"><strong>IMPRESSUM<\/strong><\/span><\/h1>\n<p>&nbsp;<\/p><\/div><\/div><\/div><\/div><\/div><\/div><\/div><\/div><div id=\"\" class=\"module col-11 module-id-1671130380547 bm-wrap row-top row-center bm-force-full\" data-module-col=\"11\" data-change-color=\"off\" data-backcolor=\"transparent\" data-frontcolor=\"\" data-logocolor=\"\" data-goto-top=\"off\" data-goto-top-spacing=\"0\" data-goto-disable-m=\"off\" data-groupsameheight=\"off\"><div class=\"module-inside group-inside\" style=\"--cornerRadius:0px 0px 0px 0px ; --top-mod: 0px;--bottom-mod: 0px;--top-mod-t: 0px;--bottom-mod-t: 0px;--top-mod-m:0px;--bottom-mod-m:0px;\" ><div id=\"\" class=\"module col-2 module-id-1671130874708\" data-module-col=\"2\"><div class=\"module-inside single-image-inside\" style=\"--cornerRadius:0px 0px 0px 0px ; --top-mod: 0px;--bottom-mod: 0px;--top-mod-t: 0px;--bottom-mod-t: 0px;--top-mod-m:0px;--bottom-mod-m:0px;\" ><div class=\"single-image-out\"  ><figure class=\"single-image   single-image-full\" no><div class=\"ux-hover-wrap anima-wrap\" style=\"padding-top: 278.1173594132%;\"><span class=\"ux-hover-wrap-a\"><img decoding=\"async\" alt=\"reinges\u00e4gt - Skulpturen von Andrea Halm\" class=\"single-image-img img1st lazy\" src=\"data:image\/gif;base64,R0lGODlhAQABAIAAAAAAAP\/\/\/yH5BAEAAAAALAAAAAABAAEAAAIBRAA7\" data-src=\"https:\/\/www.reingesaegt.de\/wp-content\/uploads\/2022\/12\/reingesaegt-logo-neon.png\" data-srcset=\"https:\/\/www.reingesaegt.de\/wp-content\/uploads\/2022\/12\/reingesaegt-logo-neon.png 1636w, https:\/\/www.reingesaegt.de\/wp-content\/uploads\/2022\/12\/reingesaegt-logo-neon-108x300.png 108w, https:\/\/www.reingesaegt.de\/wp-content\/uploads\/2022\/12\/reingesaegt-logo-neon-368x1024.png 368w, https:\/\/www.reingesaegt.de\/wp-content\/uploads\/2022\/12\/reingesaegt-logo-neon-768x2136.png 768w, https:\/\/www.reingesaegt.de\/wp-content\/uploads\/2022\/12\/reingesaegt-logo-neon-552x1536.png 552w, https:\/\/www.reingesaegt.de\/wp-content\/uploads\/2022\/12\/reingesaegt-logo-neon-736x2048.png 736w, https:\/\/www.reingesaegt.de\/wp-content\/uploads\/2022\/12\/reingesaegt-logo-neon-350x973.png 350w, https:\/\/www.reingesaegt.de\/wp-content\/uploads\/2022\/12\/reingesaegt-logo-neon-650x1808.png 650w, https:\/\/www.reingesaegt.de\/wp-content\/uploads\/2022\/12\/reingesaegt-logo-neon-1000x2781.png 1000w\" data-sizes=\"(max-width: 480px) 320px,(max-width: 767px) 500px,(max-width: 1636px) 100vw, 1636px\" width=\"1636\" height=\"4550\" \/><\/span><\/div><\/figure><\/div><\/div><\/div><div id=\"\" class=\"module col-7 module-id-1671130960354\" data-module-col=\"7\"><div class=\"module-inside text-inside\" style=\"--top-mod: 0px;--bottom-mod: 0px;--top-mod-t: 0px;--bottom-mod-t: 0px;--top-mod-m:0px;--bottom-mod-m:0px;\" ><div class=\"text_block_out\"  data-effect=\"standard\" style=\"\"><div class=\"text_block ux-mod-nobg\"><div class=\"text_block_inn\"><div id=\"text-1671130960354\" class=\"text_block_centered text_block_centered_enable_width\"  style=\"\"><div id=\"content\">\n<div id=\"bildtext\">\n<div id=\"bild\">\n<h3 class=\"untertitel\" align=\"left\"><strong>Impressum &#8211; reinges\u00e4gt<br><br><\/strong><\/h3>\n<p><span class=\"untertitel\">Andrea Halm<br>Burgweg 7<br>73257 K\u00f6ngen<br>0152 02013152<\/span><\/p>\n<p class=\"untertitel\" align=\"left\"><a href=\"mailto:info@reingesaegt.de\">info@reingesaegt.de<\/a><\/p>\n<p align=\"left\">&nbsp;<\/p>\n<p class=\"untertitel\" align=\"left\">Bildtexte:&nbsp; Jochen Maier<\/p>\n<\/div>\n<p>&nbsp;<\/p>\n<\/div>\n<a href=\"https:\/\/www.aha-designs.de\/\" target=\"_blank\" rel=\"noopener\"><img decoding=\"async\" class=\"img-in-text\" src=\"https:\/\/reingesaegt.de\/wp-content\/uploads\/2023\/01\/aha-designs-Logo.png\" alt=\"aha-designs-Logo\" width=\"254\" height=\"87\"><\/a><\/div>\n<div>werbung &#8230; illus &#8230; art\n<p><br><span style=\"font-size: 22px;\">USt-IdNr.: DE349869201<\/span><\/p>\n<\/div>\n<div>\n<div id=\"bildtext\">\n<div id=\"bild\">\n<p align=\"left\"><span class=\"impressum\" style=\"line-height: 1.1;\"><span style=\"font-size: 14px;\">Haftungsausschluss &#8211; Urheber-Kennzeichenrecht &#8211; Datenschutz:<\/span><br><span style=\"font-size: 14px;\">1n. Haftung f\u00fcr den Inhalt der Homepage<\/span><br><span style=\"font-size: 14px;\">Der Inhaber \u00fcbernimmt keinerlei Gew\u00e4hr f\u00fcr die Aktualit\u00e4t, Korrektheit, Vollst\u00e4ndigkeit oder Qualit\u00e4t der bereitgestellten Informationen. Haftungsanspr\u00fcche gegen den Inhaber, welche sich auf Sch\u00e4den materieller oder ideeller Art beziehen, die durch die Nutzung oder Nichtnutzung der dargebotenen Informationen bzw. durch die Nutzung fehlerhafter und unvollst\u00e4ndiger Informationen verursacht wurden, sind grunds\u00e4tzlich ausgeschlossen, sofern seitens des Inhabers kein nachweislich vors\u00e4tzliches oder grob fahrl\u00e4ssiges Verschulden vorliegt. Alle Angebote sind freibleibend und unverbindlich. Der Inhaber beh\u00e4lt es sich ausdr\u00fccklich vor, Teile der Seiten oder das gesamte Angebot ohne gesonderte Ank\u00fcndigung zu ver\u00e4ndern, zu erg\u00e4nzen, zu l\u00f6schen oder die Ver\u00f6ffentlichung zeitweise oder endg\u00fcltig einzustellen.<\/span><br><span style=\"font-size: 14px;\">Auf unseren Seiten findet keinerlei Werbung oder Sponsoring statt.<\/span><br><span style=\"font-size: 14px;\">2. Haftung f\u00fcr Verweise und Links<\/span><br><span style=\"font-size: 14px;\">Bei direkten oder indirekten Verweisen auf fremde Internetseiten (&#8222;Hyperlinks&#8220;), die au\u00dferhalb des Verantwortungsbereiches des Inhabers liegen, w\u00fcrde eine Haftungsverpflichtung ausschlie\u00dflich in dem Fall in Kraft treten, in dem der Inhaber von den Inhalten Kenntnis hat und es ihm technisch m\u00f6glich und zumutbar w\u00e4re, die Nutzung im Falle rechtswidriger Inhalte zu verhindern.<\/span><br><span style=\"font-size: 14px;\">Die Inhaber erkl\u00e4rt daher ausdr\u00fccklich, dass zum Zeitpunkt der Linksetzung die entsprechenden verlinkten Seiten frei von illegalen Inhalten waren. Der Inhaber hat keinerlei Einfluss auf die aktuelle und zuk\u00fcnftige Gestaltung und auf die Inhalte der gelinkten\/verkn\u00fcpften Seiten. Deshalb distanziert sie sich hiermit ausdr\u00fccklich von allen Inhalten aller gelinkten \/ verkn\u00fcpften Seiten, die nach der Linksetzung ver\u00e4ndert wurden. F\u00fcr illegale, fehlerhafte oder unvollst\u00e4ndige Inhalte lche verwiesen wurde, nicht derjenige, der \u00fcber Hyperlinks auf die jeweilige Ver\u00f6ffentlichung lediglich verweist.<\/span><br><span style=\"font-size: 14px;\">3. Urheber- und Kennzeichenrecht<\/span><br><span style=\"font-size: 14px;\">Der Inhaber ist bestrebt, in allen Publikationen die Urheberrechte der verwendeten Grafiken, Tondokumente, Videosequenzen und Texte zu beachten, von ihr selbst erstellte Grafiken, Tondokumente, Videosequenzen und Texte zu nutzen oder auf lizenzfreie Grafiken, Tondokumente, Videosequenzen und Texte zur\u00fcckzugreifen.<\/span><br><span style=\"font-size: 14px;\">Alle innerhalb des Internetangebotes genannten und ggf. durch Dritte gesch\u00fctzten Marken- und Warenzeichen unterliegen uneingeschr\u00e4nkt den Bestimmungen des jeweils g\u00fcltigen Kennzeichenrechts und den Besitzrechten der jeweiligen eingetragenen Eigent\u00fcmer. Allein aufgrund der blo\u00dfen Nennung ist nicht der Schluss zu ziehen, dass Markenzeichen nicht durch Rechte Dritter gesch\u00fctzt sind!<\/span><br><span style=\"font-size: 14px;\">Das Copyright f\u00fcr ver\u00f6ffentlichte, von dem Inhaber selbst erstellte Objekte bleibt allein bei dem Inhaber. Eine Vervielf\u00e4ltigung oder Verwendung solcher Grafiken und Texte in anderen elektronischen oder gedruckten Publikationen ist ohne ausdr\u00fcckliche Zustimmung des Inhabers nicht gestattet.<\/span><br><span style=\"font-size: 14px;\">4. Datenschutz<\/span><br><span style=\"font-size: 14px;\">Sofern innerhalb des Internetangebotes die M\u00f6glichkeit zur Eingabe pers\u00f6nlicher oder gesch\u00e4ftlicher Daten (Emailadressen, Namen, Anschriften) besteht, so erfolgt die Preisgabe dieser Daten seitens des Nutzers auf ausdr\u00fccklich freiwilliger Basis.<\/span><br><span style=\"font-size: 14px;\">5. Rechtswirksamkeit der Regelungen<\/span><br><span style=\"font-size: 14px;\">Der Haftungsausschluss sowie die Bestimmungen zum Urheber- und Kennzeichenrecht sowie dem Datenschutz sind als Teil des Internetangebotes zu betrachten, von dem aus auf diese Seite verwiesen wurde. Sofern Teile oder einzelne Formulierungen der oben n\u00e4her bezeichneten Regelungen der geltenden Rechtslage nicht, nicht mehr oder nicht vollst\u00e4ndig entsprechen sollten, bleiben die \u00fcbrigen Bestimmungen in ihrem Inhalt und ihrer G\u00fcltigkeit davon unber\u00fchrt.<\/span><\/span><\/p>\n<p>&nbsp;<\/p>\n<\/div>\n<p>&nbsp;<\/p>\n<\/div>\n<\/div>\n<div id=\"footer\">&nbsp;<\/div><\/div><\/div><\/div><\/div><\/div><\/div><\/div><\/div><\/div>","protected":false},"excerpt":{"rendered":"<p>&nbsp;IMPRESSUM &nbsp; Impressum &#8211; reinges\u00e4gt Andrea HalmBurgweg 773257 K\u00f6ngen0152 02013152 &hellip;<\/p>","protected":false},"author":1,"featured_media":0,"parent":0,"menu_order":0,"comment_status":"closed","ping_status":"closed","template":"","meta":{"inline_featured_image":false,"footnotes":""},"class_list":["post-302","page","type-page","status-publish","hentry"],"_links":{"self":[{"href":"https:\/\/www.reingesaegt.de\/en\/wp-json\/wp\/v2\/pages\/302","targetHints":{"allow":["GET"]}}],"collection":[{"href":"https:\/\/www.reingesaegt.de\/en\/wp-json\/wp\/v2\/pages"}],"about":[{"href":"https:\/\/www.reingesaegt.de\/en\/wp-json\/wp\/v2\/types\/page"}],"author":[{"embeddable":true,"href":"https:\/\/www.reingesaegt.de\/en\/wp-json\/wp\/v2\/users\/1"}],"replies":[{"embeddable":true,"href":"https:\/\/www.reingesaegt.de\/en\/wp-json\/wp\/v2\/comments?post=302"}],"version-history":[{"count":1,"href":"https:\/\/www.reingesaegt.de\/en\/wp-json\/wp\/v2\/pages\/302\/revisions"}],"predecessor-version":[{"id":307,"href":"https:\/\/www.reingesaegt.de\/en\/wp-json\/wp\/v2\/pages\/302\/revisions\/307"}],"wp:attachment":[{"href":"https:\/\/www.reingesaegt.de\/en\/wp-json\/wp\/v2\/media?parent=302"}],"curies":[{"name":"wp","href":"https:\/\/api.w.org\/{rel}","templated":true}]}}