{"id":304,"date":"2022-11-28T14:56:27","date_gmt":"2022-11-28T13:56:27","guid":{"rendered":"https:\/\/reingesaegt.de\/?page_id=304"},"modified":"2023-02-04T19:39:19","modified_gmt":"2023-02-04T18:39:19","slug":"datenschutz","status":"publish","type":"page","link":"https:\/\/www.reingesaegt.de\/en\/datenschutz\/","title":{"rendered":"Datenschutz"},"content":{"rendered":"<div class=\"bm-builder clearfix\"><div id=\"\" class=\"module col-12 module-id-1671132966475 bm-wrap row-middle row-left keep-origin-layout-mobile bm-wrap-height-auto\" data-module-col=\"12\" data-change-color=\"on\" data-backcolor=\"#000000\" data-frontcolor=\"\" data-logocolor=\"default-logo-univer\" data-goto-top=\"off\" data-goto-top-spacing=\"0\" data-goto-disable-m=\"off\" data-groupsameheight=\"off\"><div class=\"module-inside group-inside\" style=\"--cornerRadius:0px 0px 0px 0px ; --top-mod: 0px;--bottom-mod: 60px;--top-mod-t: 0px;--bottom-mod-t: 60px;--top-mod-m:20px;--bottom-mod-m:40px;\" ><div class=\"bm-background-img\" style=\"background-attachment:scroll;--maskOpacity:0.00000001;\"><\/div><div id=\"\" class=\"module col-0 module-id-1671132966651\" data-module-col=\"0\"><div class=\"module-inside text-inside prarallaxEnable\" style=\"--traksX:translateX(0px); --traksXM:translateX(0px); --traksY:translateY(0px); --traksYM:translateY(0px); --SkewY:skewY(0deg); --SkewYM:skewY(0deg); --SkewX:skewX(0deg); --SkewXM:skewX(0deg); --scale:scale(1); --scaleM:scale(1); --rotate:rotate(0deg); --rotateM:rotate(0deg); --top-mod: 0px;--bottom-mod: 45px;--top-mod-t: 0px;--bottom-mod-t: 45px;--top-mod-m:0px;--bottom-mod-m:20px;\" ><div class=\"text_block_out\"  data-effect=\"standard\" style=\"\"><div class=\"text_block withbg background_image\"><div class=\"bm-background-img\" style=\"\"><\/div><div class=\"text_block_inn\"><div id=\"text-1671132966651\" class=\"text_block_centered text_block_centered_enable_width\"  style=\"\"><h1 class=\"text-clip-style\" style=\"font-size: 10.2vw; text-align: center;\">&nbsp;DATENSCHUTZ<\/h1>\n<p>&nbsp;<\/p><\/div><\/div><\/div><\/div><\/div><\/div><\/div><\/div><div id=\"\" class=\"module col-11 module-id-1671132966800 bm-wrap row-top row-center bm-force-full\" data-module-col=\"11\" data-change-color=\"off\" data-backcolor=\"transparent\" data-frontcolor=\"\" data-logocolor=\"\" data-goto-top=\"off\" data-goto-top-spacing=\"0\" data-goto-disable-m=\"off\" data-groupsameheight=\"off\"><div class=\"module-inside group-inside\" style=\"--cornerRadius:0px 0px 0px 0px ; --top-mod: 0px;--bottom-mod: 0px;--top-mod-t: 0px;--bottom-mod-t: 0px;--top-mod-m:0px;--bottom-mod-m:0px;\" ><div id=\"\" class=\"module col-2 module-id-1671132966952\" data-module-col=\"2\"><div class=\"module-inside single-image-inside\" style=\"--cornerRadius:0px 0px 0px 0px ; --top-mod: 0px;--bottom-mod: 0px;--top-mod-t: 0px;--bottom-mod-t: 0px;--top-mod-m:0px;--bottom-mod-m:0px;\" ><div class=\"single-image-out\"  ><figure class=\"single-image   single-image-full\" no><div class=\"ux-hover-wrap anima-wrap\" style=\"padding-top: 278.1173594132%;\"><span class=\"ux-hover-wrap-a\"><img decoding=\"async\" alt=\"reinges\u00e4gt - Skulpturen von Andrea Halm\" class=\"single-image-img img1st lazy\" src=\"data:image\/gif;base64,R0lGODlhAQABAIAAAAAAAP\/\/\/yH5BAEAAAAALAAAAAABAAEAAAIBRAA7\" data-src=\"https:\/\/www.reingesaegt.de\/wp-content\/uploads\/2022\/12\/reingesaegt-logo-neon.png\" data-srcset=\"https:\/\/www.reingesaegt.de\/wp-content\/uploads\/2022\/12\/reingesaegt-logo-neon.png 1636w, https:\/\/www.reingesaegt.de\/wp-content\/uploads\/2022\/12\/reingesaegt-logo-neon-108x300.png 108w, https:\/\/www.reingesaegt.de\/wp-content\/uploads\/2022\/12\/reingesaegt-logo-neon-368x1024.png 368w, https:\/\/www.reingesaegt.de\/wp-content\/uploads\/2022\/12\/reingesaegt-logo-neon-768x2136.png 768w, https:\/\/www.reingesaegt.de\/wp-content\/uploads\/2022\/12\/reingesaegt-logo-neon-552x1536.png 552w, https:\/\/www.reingesaegt.de\/wp-content\/uploads\/2022\/12\/reingesaegt-logo-neon-736x2048.png 736w, https:\/\/www.reingesaegt.de\/wp-content\/uploads\/2022\/12\/reingesaegt-logo-neon-350x973.png 350w, https:\/\/www.reingesaegt.de\/wp-content\/uploads\/2022\/12\/reingesaegt-logo-neon-650x1808.png 650w, https:\/\/www.reingesaegt.de\/wp-content\/uploads\/2022\/12\/reingesaegt-logo-neon-1000x2781.png 1000w\" data-sizes=\"(max-width: 480px) 320px,(max-width: 767px) 500px,(max-width: 1636px) 100vw, 1636px\" width=\"1636\" height=\"4550\" \/><\/span><\/div><\/figure><\/div><\/div><\/div><div id=\"\" class=\"module col-7 module-id-1671132967135\" data-module-col=\"7\"><div class=\"module-inside text-inside\" style=\"--top-mod: 0px;--bottom-mod: 0px;--top-mod-t: 0px;--bottom-mod-t: 0px;--top-mod-m:0px;--bottom-mod-m:0px;\" ><div class=\"text_block_out\"  data-effect=\"standard\" style=\"\"><div class=\"text_block ux-mod-nobg\"><div class=\"text_block_inn\"><div id=\"text-1671132967135\" class=\"text_block_centered text_block_centered_enable_width\"  style=\"\"><div id=\"content\">\n<div id=\"bildtext\">\n<div id=\"bild\">\n<div id=\"bildtext\">\n<div id=\"bild\">\n<h4 class=\"titel\"><strong>Datenschutzerkl\u00e4rung<\/strong><\/h4>\n<p>&nbsp;<\/p>\n<p><span style=\"font-size: 16px;\" data-msize=\"14px\">Wir nehmen den Schutz Ihrer pers\u00f6nlichen Daten sehr ernst.&nbsp; Wir behandeln Ihre personenbezogenen Daten vertraulich und entsprechend der gesetzlichen Datenschutzvorschriften sowie dieser Datenschutzerkl\u00e4rung.<\/span><\/p>\n<p><span style=\"font-size: 16px;\" data-msize=\"14px\">Die Nutzung unserer Webseite ist ohne Angabe personenbezogener Daten m\u00f6glich.&nbsp; Soweit auf unseren Seiten personenbezogene Daten (beispielsweise Name, Anschrift oder eMail-Adressen) erhoben werden, erfolgt dies auf freiwilliger Basis. Diese Daten werden ohne Ihre ausdr\u00fcckliche Zustimmung nicht an Dritte weitergegeben.<\/span><\/p>\n<p><span style=\"font-size: 16px;\" data-msize=\"14px\">Wir weisen darauf hin, dass die Daten\u00fcbertragung im Internet (z.B. bei der Kommunikation per E-Mail) Sicherheitsl\u00fccken aufweisen kann. Ein l\u00fcckenloser Schutz der Daten vor dem Zugriff durch Dritte ist nicht m\u00f6glich.<\/span><\/p>\n<h3 class=\"untertitel\"><strong><span style=\"font-size: 16px;\" data-msize=\"14px\">Hinweis zur verantwortlichen Stelle<\/span><\/strong><\/h3>\n<p><span style=\"font-size: 16px;\" data-msize=\"14px\">Die verantwortliche Stelle f\u00fcr die Datenverarbeitung auf dieser Website ist:<\/span><br><span style=\"font-size: 16px;\" data-msize=\"14px\">reinges\u00e4gt<\/span><br><span style=\"font-size: 16px;\" data-msize=\"14px\">Andrea Halm<\/span><br><span style=\"font-size: 16px;\" data-msize=\"14px\">Burgweg 7<\/span><br><span style=\"font-size: 16px;\" data-msize=\"14px\">73257 K\u00f6ngen<\/span><br><span style=\"font-size: 16px;\" data-msize=\"14px\">Telefon: 07024 82444<\/span><br><span style=\"font-size: 16px;\" data-msize=\"14px\">E-Mail: info@reinges\u00e4gt.de<\/span><\/p>\n<h3 class=\"untertitel\"><strong><span style=\"font-size: 16px;\" data-msize=\"14px\">Widerruf Ihrer Einwilligung zur Datenverarbeitung<\/span><\/strong><\/h3>\n<p><span style=\"font-size: 16px;\" data-msize=\"14px\">Viele Datenverarbeitungsvorg\u00e4nge sind nur mit Ihrer ausdr\u00fccklichen Einwilligung m\u00f6glich. Sie k\u00f6nnen eine bereits erteilte Einwilligung jederzeit widerrufen. Dazu reicht eine formlose Mitteilung per E-Mail an uns. Die Rechtm\u00e4\u00dfigkeit der bis zum Widerruf erfolgten Datenverarbeitung bleibt vom Widerruf unber\u00fchrt.<\/span><\/p>\n<h3 class=\"untertitel\"><strong><span style=\"font-size: 16px;\" data-msize=\"14px\">Cookies<\/span><\/strong><\/h3>\n<p><span style=\"font-size: 16px;\" data-msize=\"14px\">Cookies sind kleine Textdateien, die auf Ihrem Rechner abgelegt werden und die Ihr Browser speichert. Cookies richten auf Ihrem Rechner keinen Schaden an und enthalten keine Viren.<\/span><br><span style=\"font-size: 16px;\" data-msize=\"14px\">Sie k\u00f6nnen Ihren Browser so einstellen, dass Sie \u00fcber das Setzen von Cookies informiert werden und Cookies nur im Einzelfall erlauben, die Annahme von Cookies f\u00fcr bestimmte F\u00e4lle oder generell ausschlie\u00dfen sowie das automatische L\u00f6schen der Cookies beim Schlie\u00dfen des Browser aktivieren.<\/span><\/p>\n<h3 class=\"untertitel\"><strong><span style=\"font-size: 16px;\" data-msize=\"14px\">Inhalte teilen \u00fcber Plugins (Facebook, Google+1, Twitter &amp; Co.)<\/span><\/strong><\/h3>\n<p><span style=\"font-size: 16px;\" data-msize=\"14px\">Die Inhalte auf unseren Seiten k\u00f6nnen datenschutzkonform in sozialen Netzwerken wie Facebook, Twitter oder Google+ geteilt werden. Diese Seite nutzt daf\u00fcr das <a href=\"https:\/\/www.e-recht24.de\/erecht24-safe-sharing.html#datenschutz\" target=\"_blank\" rel=\"noopener\">eRecht24 Safe Sharing Tool<\/a>. Dieses Tool stellt den direkten Kontakt zwischen den Netzwerken und Nutzern erst dann her, wenn der Nutzer aktiv auf einen dieser Button klickt.<\/span><\/p>\n<p><span style=\"font-size: 16px;\" data-msize=\"14px\">Eine automatische \u00dcbertragung von Nutzerdaten an die Betreiber dieser Plattformen erfolgt durch dieses Tool nicht. Ist der Nutzer bei einem der sozialen Netzwerke angemeldet, erscheint bei der Nutzung der Social-Buttons von Facebook, Google+1, Twitter &amp; Co. ein Informations-Fenster, in dem der Nutzer den Text vor dem Absenden best\u00e4tigen kann. Unsere Nutzer k\u00f6nnen die Inhalte dieser Seite datenschutzkonform in sozialen Netzwerken teilen, ohne dass komplette Surf-Profile durch die Betreiber der Netzwerke erstellt werden.<\/span><\/p>\n<h3 class=\"untertitel\"><strong><span style=\"font-size: 16px;\" data-msize=\"14px\">Instagram Plugin<\/span><\/strong><\/h3>\n<p><span style=\"font-size: 16px;\" data-msize=\"14px\">Auf unseren Seiten sind Funktionen des Dienstes Instagram eingebunden. Diese Funktionen werden angeboten durch die Instagram Inc., 1601 Willow Road, Menlo Park, CA 94025, USA integriert.Wenn Sie in Ihrem Instagram-Account eingeloggt sind, k\u00f6nnen Sie durch Anklicken des Instagram-Buttons die Inhalte unserer Seiten mit Ihrem Instagram-Profil verlinken. Dadurch kann Instagram den Besuch unserer Seiten Ihrem Benutzerkonto zuordnen. Wir weisen darauf hin, dass wir als Anbieter der Seiten keine Kenntnis vom Inhalt der \u00fcbermittelten Daten sowie deren Nutzung durch Instagram erhalten.<\/span><\/p>\n<p><span style=\"font-size: 16px;\" data-msize=\"14px\">Weitere Informationen hierzu finden Sie in der Datenschutzerkl\u00e4rung von Instagram: <a href=\"https:\/\/instagram.com\/about\/legal\/privacy\/\" target=\"_blank\" rel=\"noopener\">https:\/\/instagram.com\/about\/legal\/privacy\/<\/a>.<\/span><\/p>\n<h3 class=\"untertitel\"><strong><span style=\"font-size: 16px;\" data-msize=\"14px\">Google Analytics<\/span><\/strong><\/h3>\n<p><span style=\"font-size: 16px;\" data-msize=\"14px\">Diese Website nutzt Funktionen des Webanalysedienstes Google Analytics. Anbieter ist die Google Inc., 1600 Amphitheatre Parkway, Mountain View, CA 94043, USA.<\/span><\/p>\n<p><span style=\"font-size: 16px;\" data-msize=\"14px\">Google Analytics verwendet so genannte &#8222;Cookies&#8220;. Das sind Textdateien, die auf Ihrem Computer gespeichert werden und die eine Analyse der Benutzung der Website durch Sie erm\u00f6glichen. Die durch den Cookie erzeugten Informationen \u00fcber Ihre Benutzung dieser Website werden in der Regel an einen Server von Google in den USA \u00fcbertragen und dort gespeichert.<\/span><\/p>\n<p><span style=\"font-size: 16px;\" data-msize=\"14px\">Die Speicherung von Google-Analytics-Cookies erfolgt auf Grundlage von Art. 6 Abs. 1 lit. f DSGVO. Der Websitebetreiber hat ein berechtigtes Interesse an der Analyse des Nutzerverhaltens, um sowohl sein Webangebot als auch seine Werbung zu optimieren.<\/span><\/p>\n<h3 class=\"untertitel\"><strong><span style=\"font-size: 16px;\" data-msize=\"14px\">Bro<\/span><span style=\"font-size: 16px;\" data-msize=\"14px\">wser<\/span><span style=\"font-size: 16px;\" data-msize=\"14px\"> Plu<\/span><span style=\"font-size: 16px;\" data-msize=\"14px\">gin<\/span><\/strong><\/h3>\n<p><span style=\"font-size: 16px;\" data-msize=\"14px\">Sie k\u00f6nnen die Speicherung der Cookies durch eine entsprechende Einstellung Ihrer Browser-Software verhindern; wir weisen Sie jedoch darauf hin, dass Sie in diesem Fall gegebenenfalls nicht s\u00e4mtliche Funktionen dieser Website vollumf\u00e4nglich werden nutzen k\u00f6nnen. Sie k\u00f6nnen dar\u00fcber hinaus die Erfassung der durch den Cookie erzeugten und auf Ihre Nutzung der Website bezogenen Daten (inkl. Ihrer IP-Adresse) an Google sowie die Verarbeitung dieser Daten durch Google verhindern, indem Sie das unter dem folgenden Link verf\u00fcgbare Browser-Plugin herunterladen und installieren: <a href=\"https:\/\/tools.google.com\/dlpage\/gaoptout?hl=de\" target=\"_blank\" rel=\"noopener\">https:\/\/tools.google.com\/dlpage\/gaoptout?hl=de<\/a>.<\/span><\/p>\n<p class=\"untertitel\"><span style=\"font-size: 16px;\" data-msize=\"14px\">Widerspruch gegen Datenerfassung<\/span><\/p>\n<p><span style=\"font-size: 16px;\" data-msize=\"14px\">Sie k\u00f6nnen die Erfassung Ihrer Daten durch Google Analytics verhindern, indem Sie auf folgenden Link klicken. Es wird ein Opt-Out-Cookie gesetzt, der die Erfassung Ihrer Daten bei zuk\u00fcnftigen Besuchen dieser Website verhindert: <a>Google Analytics deaktivieren<\/a>.Mehr Informationen zum Umgang mit Nutzerdaten bei Google Analytics finden Sie in der Datenschutzerkl\u00e4rung von Google: <a href=\"https:\/\/support.google.com\/analytics\/answer\/6004245?hl=de\" target=\"_blank\" rel=\"noopener\">https:\/\/support.google.com\/analytics\/answer\/6004245?hl=de<\/a>.<\/span><\/p>\n<h3><strong><span style=\"font-size: 16px;\" data-msize=\"14px\">Auftragsdatenverarbeitung<\/span><\/strong><\/h3>\n<p><span style=\"font-size: 16px;\" data-msize=\"14px\">Wir haben mit Google einen Vertrag zur Auftragsdatenverarbeitung abgeschlossen und setzen die strengen Vorgaben der deutschen Datenschutzbeh\u00f6rden bei der Nutzung von Google Analytics vollst\u00e4ndig um.<\/span><\/p>\n<h3 class=\"untertitel\"><strong><span style=\"font-size: 16px;\" data-msize=\"14px\">Google Maps<\/span><\/strong><\/h3>\n<p><span style=\"font-size: 16px;\" data-msize=\"14px\">Diese Seite nutzt \u00fcber eine API den Kartendienst Google Maps. Anbieter ist die Google Inc., 1600 Amphitheatre Parkway, Mountain View, CA 94043, USA.<\/span><\/p>\n<p><span style=\"font-size: 16px;\" data-msize=\"14px\">Zur Nutzung der Funktionen von Google Maps ist es notwendig, Ihre IP Adresse zu speichern. Diese Informationen werden in der Regel an einen Server von Google in den USA \u00fcbertragen und dort gespeichert. Der Anbieter dieser Seite hat keinen Einfluss auf diese Daten\u00fcbertragung.Die Nutzung von Google Maps erfolgt im Interesse einer ansprechenden Darstellung unserer Online-Angebote und an einer leichten Auffindbarkeit der von uns auf der Website angegebenen Orte. Dies stellt ein berechtigtes Interesse im Sinne von Art. 6 Abs. 1 lit. f DSGVO dar.<\/span><br><span style=\"font-size: 16px;\" data-msize=\"14px\">Mehr Informationen zum Umgang mit Nutzerdaten finden Sie in der Datenschutzerkl\u00e4rung von Google: <a href=\"https:\/\/www.google.de\/intl\/de\/policies\/privacy\/\" target=\"_blank\" rel=\"noopener\">https:\/\/www.google.de\/intl\/de\/policies\/privacy\/<\/a><\/span><\/p>\n<\/div>\n<\/div>\n<p align=\"left\"><span class=\"impressum\" style=\"line-height: 1.1;\"><span style=\"font-size: 14px;\">&nbsp;<\/span><\/span><\/p>\n<\/div>\n<\/div>\n<\/div><\/div><\/div><\/div><\/div><\/div><\/div><\/div><\/div><\/div>","protected":false},"excerpt":{"rendered":"<p>&nbsp;DATENSCHUTZ &nbsp; Datenschutzerkl\u00e4rung &nbsp; Wir nehmen den Schutz Ihrer pers\u00f6nlichen &hellip;<\/p>","protected":false},"author":1,"featured_media":0,"parent":0,"menu_order":0,"comment_status":"closed","ping_status":"closed","template":"","meta":{"inline_featured_image":false,"footnotes":""},"class_list":["post-304","page","type-page","status-publish","hentry"],"_links":{"self":[{"href":"https:\/\/www.reingesaegt.de\/en\/wp-json\/wp\/v2\/pages\/304","targetHints":{"allow":["GET"]}}],"collection":[{"href":"https:\/\/www.reingesaegt.de\/en\/wp-json\/wp\/v2\/pages"}],"about":[{"href":"https:\/\/www.reingesaegt.de\/en\/wp-json\/wp\/v2\/types\/page"}],"author":[{"embeddable":true,"href":"https:\/\/www.reingesaegt.de\/en\/wp-json\/wp\/v2\/users\/1"}],"replies":[{"embeddable":true,"href":"https:\/\/www.reingesaegt.de\/en\/wp-json\/wp\/v2\/comments?post=304"}],"version-history":[{"count":1,"href":"https:\/\/www.reingesaegt.de\/en\/wp-json\/wp\/v2\/pages\/304\/revisions"}],"predecessor-version":[{"id":309,"href":"https:\/\/www.reingesaegt.de\/en\/wp-json\/wp\/v2\/pages\/304\/revisions\/309"}],"wp:attachment":[{"href":"https:\/\/www.reingesaegt.de\/en\/wp-json\/wp\/v2\/media?parent=304"}],"curies":[{"name":"wp","href":"https:\/\/api.w.org\/{rel}","templated":true}]}}