{"id":7825,"date":"2026-03-18T17:32:17","date_gmt":"2026-03-18T16:32:17","guid":{"rendered":"https:\/\/www.reingesaegt.de\/?page_id=7825"},"modified":"2026-03-18T17:33:34","modified_gmt":"2026-03-18T16:33:34","slug":"bunter-nachmittag-haklebunt","status":"publish","type":"page","link":"https:\/\/www.reingesaegt.de\/en\/bunter-nachmittag-haklebunt\/","title":{"rendered":"HakleBunter Nachmittag"},"content":{"rendered":"<div class=\"bm-builder clearfix\"><div id=\"\" class=\"module col-0 module-id-1773826553551\" data-module-col=\"0\"><div class=\"module-inside text-inside\" style=\"--top-mod: 0px;--bottom-mod: 45px;--top-mod-t: 0px;--bottom-mod-t: 45px;--top-mod-m:0px;--bottom-mod-m:20px;\" ><div class=\"text_block_out\"  data-effect=\"standard\" style=\"\"><div class=\"text_block ux-mod-nobg\"><div class=\"text_block_inn\"><div id=\"text-1773826553551\" class=\"text_block_centered text_block_centered_enable_width\"  style=\"\"><h1 class=\"text-clip-style\" style=\"font-size: 10.2vw; text-align: center;\"><span style=\"font-size: 120px; color: #ffffff;\"><strong>HAKLEBUNTER NACHMITTAG<\/strong><\/span><\/h1>\n<p>&nbsp;<\/p><\/div><\/div><\/div><\/div><\/div><\/div><div id=\"\" class=\"module col-7 module-id-1773826552160 bm-wrap row-middle row-left bm-force-full keep-origin-layout-mobile col-offset-1\" data-module-col=\"7\" data-change-color=\"on\" data-backcolor=\"#000000\" data-frontcolor=\"#747474\" data-logocolor=\"default-logo-univer\" data-goto-top=\"off\" data-goto-top-spacing=\"0\" data-goto-disable-m=\"off\" data-groupsameheight=\"off\"><div class=\"module-inside group-inside\" style=\"--cornerRadius:0px 0px 0px 0px ; --top-mod: 0px;--bottom-mod: 60px;--top-mod-t: 0px;--bottom-mod-t: 60px;--top-mod-m:20px;--bottom-mod-m:40px;\" ><div id=\"\" class=\"module col-7 module-id-1773846455870\" data-module-col=\"7\"><div class=\"module-inside single-image-inside\" style=\"--cornerRadius:0px 0px 0px 0px ; --top-mod: 0px;--bottom-mod: 0px;--top-mod-t: 0px;--bottom-mod-t: 0px;--top-mod-m:0px;--bottom-mod-m:0px;\" ><div class=\"single-image-out\"  ><figure class=\"single-image   single-image-full\" no><div class=\"ux-hover-wrap anima-wrap\" style=\"padding-top: 37.5%;\"><span class=\"ux-hover-wrap-a\"><img decoding=\"async\" alt=\"HAKLEBUNT\" class=\"single-image-img img1st lazy\" src=\"data:image\/gif;base64,R0lGODlhAQABAIAAAAAAAP\/\/\/yH5BAEAAAAALAAAAAABAAEAAAIBRAA7\" data-src=\"https:\/\/www.reingesaegt.de\/wp-content\/uploads\/2026\/03\/HAKLEBUNT.bunt-schwHi.RGB_.jpg\" data-srcset=\"https:\/\/www.reingesaegt.de\/wp-content\/uploads\/2026\/03\/HAKLEBUNT.bunt-schwHi.RGB_.jpg 1920w, https:\/\/www.reingesaegt.de\/wp-content\/uploads\/2026\/03\/HAKLEBUNT.bunt-schwHi.RGB_-300x113.jpg 300w, https:\/\/www.reingesaegt.de\/wp-content\/uploads\/2026\/03\/HAKLEBUNT.bunt-schwHi.RGB_-1024x384.jpg 1024w, https:\/\/www.reingesaegt.de\/wp-content\/uploads\/2026\/03\/HAKLEBUNT.bunt-schwHi.RGB_-768x288.jpg 768w, https:\/\/www.reingesaegt.de\/wp-content\/uploads\/2026\/03\/HAKLEBUNT.bunt-schwHi.RGB_-1536x576.jpg 1536w, https:\/\/www.reingesaegt.de\/wp-content\/uploads\/2026\/03\/HAKLEBUNT.bunt-schwHi.RGB_-350x131.jpg 350w, https:\/\/www.reingesaegt.de\/wp-content\/uploads\/2026\/03\/HAKLEBUNT.bunt-schwHi.RGB_-650x244.jpg 650w, https:\/\/www.reingesaegt.de\/wp-content\/uploads\/2026\/03\/HAKLEBUNT.bunt-schwHi.RGB_-1000x375.jpg 1000w\" data-sizes=\"(max-width: 480px) 320px,(max-width: 767px) 500px,(max-width: 1920px) 100vw, 1920px\" width=\"1920\" height=\"720\" \/><\/span><\/div><\/figure><\/div><\/div><\/div><div id=\"\" class=\"module col-7 module-id-1773826557588\" data-module-col=\"7\"><div class=\"module-inside text-inside\" style=\"--top-mod: 60px;--bottom-mod: 60px;--top-mod-t: 60px;--bottom-mod-t: 60px;--top-mod-m:30px;--bottom-mod-m:50px;\" ><div class=\"text_block_out\"  data-effect=\"standard\" style=\"\"><div class=\"text_block ux-mod-nobg\"><div class=\"text_block_inn\"><div id=\"text-1773826557588\" class=\"text_block_centered text_block_centered_enable_width\"  style=\"\"><h1><span style=\"color: #ffffff;\"><strong>Kunst &#8211; v\u00f6llig losgel\u00f6st&#8230;<\/strong><span class=\"flie\u00dftext\"><br><\/span><\/span><\/h1>\n<h6><span style=\"color: #ffffff;\" data-msize=\"6px\">Kunst findet h\u00e4ufig im Verborgenen f\u00fcr einen oft sehr begrenztem Personenkreis statt. Gro\u00dfe Teile der Bev\u00f6lkerung sehen ein Museum oder Ausstellungen nur selten von innen. <\/span><br><span style=\"color: #ffffff;\" data-msize=\"6px\">Wenn der Mensch nicht zur Kunst kommt, schicken wir die Kunst eben zum Menschen.<\/span><br><span style=\"color: #ffffff;\" data-msize=\"6px\">So experimentiert Andrea Halm mit ihren farbenfrohen Holzskulpturen mit anderen Formaten, um neue Zugansm\u00f6glichkeiten zur Kunst zu schaffen.<\/span><br><span style=\"color: #ffffff;\" data-msize=\"6px\">Durch das Herausl\u00f6sen ihrer Figuren aus dem musealen Kontext, er\u00f6ffnen sich, auch spielerisch, v\u00f6llig neue Interaktionen zur Kunst . (Die Kunst ist kein Elfenbeintrum)<\/span><\/h6>\n<h6><span style=\"color: #ffffff;\" data-msize=\"6px\">Zun\u00e4chst jedoch darf man nicht davon ausgehen, alle Figuren h\u00e4tten ein gesteigertes Interesse auf Kontakte mit fremden Menschen. <\/span><br><span style=\"color: #ffffff;\" data-msize=\"6px\">Oft sind sie introvertiert, nicht selten haben sie psychische Probleme, sind schlecht frisiert, sind unzufrieden mit der Farbwahl ihrer K\u00fcnstlerin oder hadern einfach nur an Ihrem wackeligen Standing.<\/span><br><span style=\"color: #ffffff;\" data-msize=\"6px\">&#8230;so sind sie halt manchmal, die Kunstwerke.<\/span><\/h6><\/div><\/div><\/div><\/div><\/div><\/div><\/div><\/div><div id=\"\" class=\"module col-4 module-id-1773846738067\" data-module-col=\"4\"><div class=\"module-inside embed-inside\" style=\"--cornerRadius:0px 0px 0px 0px ; --top-mod: 0px;--bottom-mod: 0px;--top-mod-t: 0px;--bottom-mod-t: 0px;--top-mod-m:0px;--bottom-mod-m:0px;\" ><div class=\"embed-wrap embed-wrap-with-radio embed-wrap-has-cover\" style=\"padding-bottom: 133.33333333333%;\" ><div class=\"embed-hostedvideo-wrap\" style=\"padding-bottom: 133.33333333333%;\"><video class=\"embed-hostedvideo lazy\" poster=\"https:\/\/www.reingesaegt.de\/wp-content\/uploads\/2026\/03\/Rutsche.jpg\" playsinline loop muted autoplay><source data-src=\"https:\/\/www.reingesaegt.de\/wp-content\/uploads\/2026\/03\/Rutsche.mp4\" type=\"video\/mp4\"><source data-src=\"https:\/\/www.reingesaegt.de\/wp-content\/uploads\/2026\/03\/Rutsche.ogv\" type=\"video\/ogg\"><source data-src=\"https:\/\/www.reingesaegt.de\/wp-content\/uploads\/2026\/03\/Rutsche.webm\" type=\"video\/webm\"><\/video><div class=\"hostedvideo-plays-btn\"><svg fill=\"#555\" class=\"hostedvideo-svg-play\" height=\"48\" viewbox=\"0 0 48 48\" width=\"48\" xmlns=\"http:\/\/www.w3.org\/2000\/svg\"><path d=\"M-838-2232H562v3600H-838z\" fill=\"none\"><\/path><path d=\"M16 10v28l22-14z\"><\/path><path d=\"M0 0h48v48H0z\" fill=\"none\"><\/path><\/svg><svg fill=\"#555\" class=\"hostedvideo-svg-pause\" height=\"48\" viewbox=\"0 0 48 48\" width=\"48\" xmlns=\"http:\/\/www.w3.org\/2000\/svg\"><path d=\"M12 38h8V10h-8v28zm16-28v28h8V10h-8z\"><\/path><path d=\"M0 0h48v48H0z\" fill=\"none\"><\/path><\/svg><\/div><div class=\"hostedvideo-mute-btn\" style=\"--muteBtnColor:#555\"><svg fill=\"#555\" class=\"hostedvideo-svg-mute\" height=\"48\" version=\"1.1\" viewbox=\"0 0 48 48\" width=\"48\" xml:space=\"preserve\" xmlns=\"http:\/\/www.w3.org\/2000\/svg\"><path d=\"M23.727 16.403v24.134a8.296 8.296 0 0 0-4.35-1.233c-4.612 0-8.353 3.74-8.353 8.349a8.354 8.354 0 0 0 8.353 8.354c4.61 0 8.349-3.739 8.35-8.352V25.151l21.25-6.109V33.33a8.296 8.296 0 0 0-4.35-1.233c-4.614 0-8.353 3.739-8.353 8.348a8.354 8.354 0 0 0 8.353 8.354c4.344 0 7.914-3.325 8.31-7.57h.04V7.993l-29.25 8.41z\"><\/path><\/svg><\/div><\/div><\/div><\/div><\/div><div id=\"\" class=\"module col-4 module-id-1773846586354\" data-module-col=\"4\"><div class=\"module-inside embed-inside\" style=\"--cornerRadius:0px 0px 0px 0px ; --top-mod: 0px;--bottom-mod: 0px;--top-mod-t: 0px;--bottom-mod-t: 0px;--top-mod-m:0px;--bottom-mod-m:0px;\" ><div class=\"embed-wrap embed-wrap-with-radio embed-wrap-has-cover\" style=\"padding-bottom: 100%;\" ><div class=\"embed-hostedvideo-wrap\" style=\"padding-bottom: 100%;\"><video class=\"embed-hostedvideo lazy\" poster=\"https:\/\/www.reingesaegt.de\/wp-content\/uploads\/2026\/03\/gummitwist.jpg\" playsinline loop muted autoplay><source data-src=\"https:\/\/www.reingesaegt.de\/wp-content\/uploads\/2026\/03\/gummitwist.mp4\" type=\"video\/mp4\"><source data-src=\"https:\/\/www.reingesaegt.de\/wp-content\/uploads\/2026\/03\/gummitwist.ogv\" type=\"video\/ogg\"><source data-src=\"https:\/\/www.reingesaegt.de\/wp-content\/uploads\/2026\/03\/gummitwist.webm\" type=\"video\/webm\"><\/video><div class=\"hostedvideo-plays-btn\"><svg fill=\"#555\" class=\"hostedvideo-svg-play\" height=\"48\" viewbox=\"0 0 48 48\" width=\"48\" xmlns=\"http:\/\/www.w3.org\/2000\/svg\"><path d=\"M-838-2232H562v3600H-838z\" fill=\"none\"><\/path><path d=\"M16 10v28l22-14z\"><\/path><path d=\"M0 0h48v48H0z\" fill=\"none\"><\/path><\/svg><svg fill=\"#555\" class=\"hostedvideo-svg-pause\" height=\"48\" viewbox=\"0 0 48 48\" width=\"48\" xmlns=\"http:\/\/www.w3.org\/2000\/svg\"><path d=\"M12 38h8V10h-8v28zm16-28v28h8V10h-8z\"><\/path><path d=\"M0 0h48v48H0z\" fill=\"none\"><\/path><\/svg><\/div><div class=\"hostedvideo-mute-btn\" style=\"--muteBtnColor:#555\"><svg fill=\"#555\" class=\"hostedvideo-svg-mute\" height=\"48\" version=\"1.1\" viewbox=\"0 0 48 48\" width=\"48\" xml:space=\"preserve\" xmlns=\"http:\/\/www.w3.org\/2000\/svg\"><path d=\"M23.727 16.403v24.134a8.296 8.296 0 0 0-4.35-1.233c-4.612 0-8.353 3.74-8.353 8.349a8.354 8.354 0 0 0 8.353 8.354c4.61 0 8.349-3.739 8.35-8.352V25.151l21.25-6.109V33.33a8.296 8.296 0 0 0-4.35-1.233c-4.614 0-8.353 3.739-8.353 8.348a8.354 8.354 0 0 0 8.353 8.354c4.344 0 7.914-3.325 8.31-7.57h.04V7.993l-29.25 8.41z\"><\/path><\/svg><\/div><\/div><\/div><\/div><\/div><div id=\"\" class=\"module col-4 module-id-1773827974098\" data-module-col=\"4\"><div class=\"module-inside embed-inside\" style=\"--cornerRadius:0px 0px 0px 0px ; --top-mod: 0px;--bottom-mod: 0px;--top-mod-t: 0px;--bottom-mod-t: 0px;--top-mod-m:0px;--bottom-mod-m:0px;\" ><div class=\"embed-wrap embed-wrap-with-radio embed-wrap-has-cover\" style=\"padding-bottom: 133.33333333333%;\" ><div class=\"embed-hostedvideo-wrap\" style=\"padding-bottom: 133.33333333333%;\"><video class=\"embed-hostedvideo lazy\" poster=\"https:\/\/www.reingesaegt.de\/wp-content\/uploads\/2026\/03\/verstecken.jpg\" playsinline loop muted autoplay><source data-src=\"https:\/\/www.reingesaegt.de\/wp-content\/uploads\/2026\/03\/Verstecken.mp4\" type=\"video\/mp4\"><source data-src=\"https:\/\/www.reingesaegt.de\/wp-content\/uploads\/2026\/03\/Verstecken.ogv\" type=\"video\/ogg\"><source data-src=\"https:\/\/www.reingesaegt.de\/wp-content\/uploads\/2026\/03\/Verstecken.webm\" type=\"video\/webm\"><\/video><div class=\"hostedvideo-plays-btn\"><svg fill=\"#555\" class=\"hostedvideo-svg-play\" height=\"48\" viewbox=\"0 0 48 48\" width=\"48\" xmlns=\"http:\/\/www.w3.org\/2000\/svg\"><path d=\"M-838-2232H562v3600H-838z\" fill=\"none\"><\/path><path d=\"M16 10v28l22-14z\"><\/path><path d=\"M0 0h48v48H0z\" fill=\"none\"><\/path><\/svg><svg fill=\"#555\" class=\"hostedvideo-svg-pause\" height=\"48\" viewbox=\"0 0 48 48\" width=\"48\" xmlns=\"http:\/\/www.w3.org\/2000\/svg\"><path d=\"M12 38h8V10h-8v28zm16-28v28h8V10h-8z\"><\/path><path d=\"M0 0h48v48H0z\" fill=\"none\"><\/path><\/svg><\/div><div class=\"hostedvideo-mute-btn\" style=\"--muteBtnColor:#555\"><svg fill=\"#555\" class=\"hostedvideo-svg-mute\" height=\"48\" version=\"1.1\" viewbox=\"0 0 48 48\" width=\"48\" xml:space=\"preserve\" xmlns=\"http:\/\/www.w3.org\/2000\/svg\"><path d=\"M23.727 16.403v24.134a8.296 8.296 0 0 0-4.35-1.233c-4.612 0-8.353 3.74-8.353 8.349a8.354 8.354 0 0 0 8.353 8.354c4.61 0 8.349-3.739 8.35-8.352V25.151l21.25-6.109V33.33a8.296 8.296 0 0 0-4.35-1.233c-4.614 0-8.353 3.739-8.353 8.348a8.354 8.354 0 0 0 8.353 8.354c4.344 0 7.914-3.325 8.31-7.57h.04V7.993l-29.25 8.41z\"><\/path><\/svg><\/div><\/div><\/div><\/div><\/div><div id=\"\" class=\"module col-3 module-id-1773846870763\" data-module-col=\"3\"><div class=\"module-inside embed-inside\" style=\"--cornerRadius:0px 0px 0px 0px ; --top-mod: 0px;--bottom-mod: 0px;--top-mod-t: 0px;--bottom-mod-t: 0px;--top-mod-m:0px;--bottom-mod-m:0px;\" ><div class=\"embed-wrap embed-wrap-with-radio embed-wrap-has-cover\" style=\"padding-bottom: 133.33333333333%;\" ><div class=\"embed-hostedvideo-wrap\" style=\"padding-bottom: 133.33333333333%;\"><video class=\"embed-hostedvideo lazy\" poster=\"https:\/\/www.reingesaegt.de\/wp-content\/uploads\/2026\/03\/KnutscheKlausBall.jpg\" playsinline loop muted autoplay><source data-src=\"https:\/\/www.reingesaegt.de\/wp-content\/uploads\/2026\/03\/knutscheklausBall.mp4\" type=\"video\/mp4\"><source data-src=\"https:\/\/www.reingesaegt.de\/wp-content\/uploads\/2026\/03\/knutscheklausBall.ogv\" type=\"video\/ogg\"><source data-src=\"https:\/\/www.reingesaegt.de\/wp-content\/uploads\/2026\/03\/knutscheklausBall.webm\" type=\"video\/webm\"><\/video><div class=\"hostedvideo-plays-btn\"><svg fill=\"#555\" class=\"hostedvideo-svg-play\" height=\"48\" viewbox=\"0 0 48 48\" width=\"48\" xmlns=\"http:\/\/www.w3.org\/2000\/svg\"><path d=\"M-838-2232H562v3600H-838z\" fill=\"none\"><\/path><path d=\"M16 10v28l22-14z\"><\/path><path d=\"M0 0h48v48H0z\" fill=\"none\"><\/path><\/svg><svg fill=\"#555\" class=\"hostedvideo-svg-pause\" height=\"48\" viewbox=\"0 0 48 48\" width=\"48\" xmlns=\"http:\/\/www.w3.org\/2000\/svg\"><path d=\"M12 38h8V10h-8v28zm16-28v28h8V10h-8z\"><\/path><path d=\"M0 0h48v48H0z\" fill=\"none\"><\/path><\/svg><\/div><div class=\"hostedvideo-mute-btn\" style=\"--muteBtnColor:#555\"><svg fill=\"#555\" class=\"hostedvideo-svg-mute\" height=\"48\" version=\"1.1\" viewbox=\"0 0 48 48\" width=\"48\" xml:space=\"preserve\" xmlns=\"http:\/\/www.w3.org\/2000\/svg\"><path d=\"M23.727 16.403v24.134a8.296 8.296 0 0 0-4.35-1.233c-4.612 0-8.353 3.74-8.353 8.349a8.354 8.354 0 0 0 8.353 8.354c4.61 0 8.349-3.739 8.35-8.352V25.151l21.25-6.109V33.33a8.296 8.296 0 0 0-4.35-1.233c-4.614 0-8.353 3.739-8.353 8.348a8.354 8.354 0 0 0 8.353 8.354c4.344 0 7.914-3.325 8.31-7.57h.04V7.993l-29.25 8.41z\"><\/path><\/svg><\/div><\/div><\/div><\/div><\/div><div id=\"\" class=\"module col-4 module-id-1773846992675ZD4Wg\" data-module-col=\"4\"><div class=\"module-inside embed-inside\" style=\"--cornerRadius:0px 0px 0px 0px ; --top-mod: 0px;--bottom-mod: 0px;--top-mod-t: 0px;--bottom-mod-t: 0px;--top-mod-m:0px;--bottom-mod-m:0px;\" ><div class=\"embed-wrap embed-wrap-with-radio embed-wrap-has-cover\" style=\"padding-bottom: 100%;\" ><div class=\"embed-hostedvideo-wrap\" style=\"padding-bottom: 100%;\"><video class=\"embed-hostedvideo lazy\" poster=\"https:\/\/www.reingesaegt.de\/wp-content\/uploads\/2026\/03\/schaukel.jpg\" playsinline loop muted autoplay><source data-src=\"https:\/\/www.reingesaegt.de\/wp-content\/uploads\/2026\/03\/schaukel.mp4\" type=\"video\/mp4\"><source data-src=\"https:\/\/www.reingesaegt.de\/wp-content\/uploads\/2026\/03\/schaukel.ogv\" type=\"video\/ogg\"><source data-src=\"https:\/\/www.reingesaegt.de\/wp-content\/uploads\/2026\/03\/schaukel.webm\" type=\"video\/webm\"><\/video><div class=\"hostedvideo-plays-btn\"><svg fill=\"#555\" class=\"hostedvideo-svg-play\" height=\"48\" viewbox=\"0 0 48 48\" width=\"48\" xmlns=\"http:\/\/www.w3.org\/2000\/svg\"><path d=\"M-838-2232H562v3600H-838z\" fill=\"none\"><\/path><path d=\"M16 10v28l22-14z\"><\/path><path d=\"M0 0h48v48H0z\" fill=\"none\"><\/path><\/svg><svg fill=\"#555\" class=\"hostedvideo-svg-pause\" height=\"48\" viewbox=\"0 0 48 48\" width=\"48\" xmlns=\"http:\/\/www.w3.org\/2000\/svg\"><path d=\"M12 38h8V10h-8v28zm16-28v28h8V10h-8z\"><\/path><path d=\"M0 0h48v48H0z\" fill=\"none\"><\/path><\/svg><\/div><div class=\"hostedvideo-mute-btn\" style=\"--muteBtnColor:#555\"><svg fill=\"#555\" class=\"hostedvideo-svg-mute\" height=\"48\" version=\"1.1\" viewbox=\"0 0 48 48\" width=\"48\" xml:space=\"preserve\" xmlns=\"http:\/\/www.w3.org\/2000\/svg\"><path d=\"M23.727 16.403v24.134a8.296 8.296 0 0 0-4.35-1.233c-4.612 0-8.353 3.74-8.353 8.349a8.354 8.354 0 0 0 8.353 8.354c4.61 0 8.349-3.739 8.35-8.352V25.151l21.25-6.109V33.33a8.296 8.296 0 0 0-4.35-1.233c-4.614 0-8.353 3.739-8.353 8.348a8.354 8.354 0 0 0 8.353 8.354c4.344 0 7.914-3.325 8.31-7.57h.04V7.993l-29.25 8.41z\"><\/path><\/svg><\/div><\/div><\/div><\/div><\/div><div id=\"\" class=\"module col-4 module-id-1773850189206\" data-module-col=\"4\"><div class=\"module-inside text-inside\" style=\"--top-mod: 140px;--bottom-mod: 0px;--top-mod-t: 140px;--bottom-mod-t: 0px;--top-mod-m:70px;--bottom-mod-m:0px;\" ><div class=\"text_block_out\"  data-effect=\"standard\" style=\"\"><div class=\"text_block ux-mod-nobg\"><div class=\"text_block_inn\"><div id=\"text-1773850189206\" class=\"text_block_centered text_block_centered_enable_width\"  style=\"\"><p>Beim Spielenachmittag mit HakleBunt zeigt sich , ob sich spielerisch die h\u00f6lzernen Blockaden l\u00f6sen lassen&#8230;<\/p>\n<p>&nbsp;<\/p>\n<h4><span style=\"color: #ffffff;\">Photos:<\/span><\/h4>\n<h4><span style=\"color: #ffffff;\"><strong>Ronni Nordmann<\/strong><\/span><\/h4>\n<h4><span style=\"color: #ffffff;\"><strong>Frieder Maier<\/strong><\/span><\/h4>\n<h4><span style=\"color: #ffffff;\"><strong>Martin Halm<\/strong><\/span><\/h4><\/div><\/div><\/div><\/div><\/div><\/div><div id=\"\" class=\"module col-3 module-id-1773850600610\" data-module-col=\"3\"><div class=\"module-inside embed-inside\" style=\"--cornerRadius:0px 0px 0px 0px ; --top-mod: 0px;--bottom-mod: 0px;--top-mod-t: 0px;--bottom-mod-t: 0px;--top-mod-m:0px;--bottom-mod-m:0px;\" ><div class=\"embed-wrap embed-wrap-with-radio embed-wrap-has-cover\" style=\"padding-bottom: 150%;\" ><div class=\"embed-hostedvideo-wrap\" style=\"padding-bottom: 150%;\"><video class=\"embed-hostedvideo lazy\" poster=\"https:\/\/www.reingesaegt.de\/wp-content\/uploads\/2026\/03\/HaklebunterNachmittag.jpg\" playsinline loop muted autoplay><source data-src=\"https:\/\/www.reingesaegt.de\/wp-content\/uploads\/2026\/03\/HaklebunterNachmittag.mp4\" type=\"video\/mp4\"><source data-src=\"https:\/\/www.reingesaegt.de\/wp-content\/uploads\/2026\/03\/HaklebunterNachmittag.ogv\" type=\"video\/ogg\"><source data-src=\"https:\/\/www.reingesaegt.de\/wp-content\/uploads\/2026\/03\/HaklebunterNachmittag.webm\" type=\"video\/webm\"><\/video><div class=\"hostedvideo-plays-btn\"><svg fill=\"#555\" class=\"hostedvideo-svg-play\" height=\"48\" viewbox=\"0 0 48 48\" width=\"48\" xmlns=\"http:\/\/www.w3.org\/2000\/svg\"><path d=\"M-838-2232H562v3600H-838z\" fill=\"none\"><\/path><path d=\"M16 10v28l22-14z\"><\/path><path d=\"M0 0h48v48H0z\" fill=\"none\"><\/path><\/svg><svg fill=\"#555\" class=\"hostedvideo-svg-pause\" height=\"48\" viewbox=\"0 0 48 48\" width=\"48\" xmlns=\"http:\/\/www.w3.org\/2000\/svg\"><path d=\"M12 38h8V10h-8v28zm16-28v28h8V10h-8z\"><\/path><path d=\"M0 0h48v48H0z\" fill=\"none\"><\/path><\/svg><\/div><div class=\"hostedvideo-mute-btn\" style=\"--muteBtnColor:#555\"><svg fill=\"#555\" class=\"hostedvideo-svg-mute\" height=\"48\" version=\"1.1\" viewbox=\"0 0 48 48\" width=\"48\" xml:space=\"preserve\" xmlns=\"http:\/\/www.w3.org\/2000\/svg\"><path d=\"M23.727 16.403v24.134a8.296 8.296 0 0 0-4.35-1.233c-4.612 0-8.353 3.74-8.353 8.349a8.354 8.354 0 0 0 8.353 8.354c4.61 0 8.349-3.739 8.35-8.352V25.151l21.25-6.109V33.33a8.296 8.296 0 0 0-4.35-1.233c-4.614 0-8.353 3.739-8.353 8.348a8.354 8.354 0 0 0 8.353 8.354c4.344 0 7.914-3.325 8.31-7.57h.04V7.993l-29.25 8.41z\"><\/path><\/svg><\/div><\/div><\/div><\/div><\/div><\/div>","protected":false},"excerpt":{"rendered":"<p>HAKLEBUNTER NACHMITTAG &nbsp;Kunst &#8211; v\u00f6llig losgel\u00f6st&#8230; Kunst findet h\u00e4ufig im &hellip;<\/p>","protected":false},"author":1,"featured_media":0,"parent":0,"menu_order":0,"comment_status":"closed","ping_status":"closed","template":"","meta":{"inline_featured_image":false,"footnotes":""},"class_list":["post-7825","page","type-page","status-publish","hentry"],"_links":{"self":[{"href":"https:\/\/www.reingesaegt.de\/en\/wp-json\/wp\/v2\/pages\/7825","targetHints":{"allow":["GET"]}}],"collection":[{"href":"https:\/\/www.reingesaegt.de\/en\/wp-json\/wp\/v2\/pages"}],"about":[{"href":"https:\/\/www.reingesaegt.de\/en\/wp-json\/wp\/v2\/types\/page"}],"author":[{"embeddable":true,"href":"https:\/\/www.reingesaegt.de\/en\/wp-json\/wp\/v2\/users\/1"}],"replies":[{"embeddable":true,"href":"https:\/\/www.reingesaegt.de\/en\/wp-json\/wp\/v2\/comments?post=7825"}],"version-history":[{"count":3,"href":"https:\/\/www.reingesaegt.de\/en\/wp-json\/wp\/v2\/pages\/7825\/revisions"}],"predecessor-version":[{"id":7878,"href":"https:\/\/www.reingesaegt.de\/en\/wp-json\/wp\/v2\/pages\/7825\/revisions\/7878"}],"wp:attachment":[{"href":"https:\/\/www.reingesaegt.de\/en\/wp-json\/wp\/v2\/media?parent=7825"}],"curies":[{"name":"wp","href":"https:\/\/api.w.org\/{rel}","templated":true}]}}