{"id":985,"date":"2022-12-07T15:52:21","date_gmt":"2022-12-07T14:52:21","guid":{"rendered":"https:\/\/reingesaegt.de\/?page_id=985"},"modified":"2022-12-22T21:18:32","modified_gmt":"2022-12-22T20:18:32","slug":"vogelvergraemobjekte","status":"publish","type":"page","link":"https:\/\/www.reingesaegt.de\/en\/vogelvergraemobjekte\/","title":{"rendered":"Vogelvergr\u00e4mobjekte"},"content":{"rendered":"<div class=\"bm-builder clearfix\"><div id=\"\" class=\"module col-12 module-id-1670360683648 bm-wrap row-middle row-left keep-origin-layout-mobile\" data-module-col=\"12\" data-change-color=\"on\" data-backcolor=\"#000000\" data-frontcolor=\"\" data-logocolor=\"default-logo-univer\" data-goto-top=\"off\" data-goto-top-spacing=\"0\" data-goto-disable-m=\"off\" data-groupsameheight=\"off\"><div class=\"module-inside group-inside\" style=\"--cornerRadius:0px 0px 0px 0px ; --top-mod: 0px;--bottom-mod: 60px;--top-mod-t: 0px;--bottom-mod-t: 60px;--top-mod-m:20px;--bottom-mod-m:40px;\" ><div class=\"bm-background-img\" style=\"background-image:url(https:\/\/www.reingesaegt.de\/wp-content\/uploads\/2022\/12\/higruSkizzen2.png);background-attachment:fixed;background-position: 50% 0;--maskOpacity:0.5;--maskColor:#000000;\"><\/div><div id=\"\" class=\"module col-0 module-id-167036068580\" data-module-col=\"0\"><div class=\"module-inside text-inside prarallaxEnable\" style=\"--traksX:translateX(0px); --traksXM:translateX(0px); --traksY:translateY(0px); --traksYM:translateY(0px); --SkewY:skewY(0deg); --SkewYM:skewY(0deg); --SkewX:skewX(0deg); --SkewXM:skewX(0deg); --scale:scale(1); --scaleM:scale(1); --rotate:rotate(0deg); --rotateM:rotate(0deg); --top-mod: 0px;--bottom-mod: 45px;--top-mod-t: 0px;--bottom-mod-t: 45px;--top-mod-m:0px;--bottom-mod-m:20px;\" ><div class=\"text_block_out\"  data-effect=\"standard\" style=\"\"><div class=\"text_block withbg background_image\"><div class=\"bm-background-img\" style=\"\"><\/div><div class=\"text_block_inn\"><div id=\"text-167036068580\" class=\"text_block_centered text_block_centered_enable_width\"  style=\"\"><h1 style=\"text-align: center;\"><span style=\"font-size: 84px;\">&nbsp;<span style=\"font-size: 120px;\"><strong>VOGELVERGR\u00c4M-<\/strong><\/span><\/span><span style=\"font-size: 120px;\"><strong>OBJEKTE<\/strong><\/span><\/h1>\n<p>&nbsp;<\/p><\/div><\/div><\/div><\/div><\/div><\/div><div id=\"\" class=\"module col-12 module-id-1670362895477\" data-module-col=\"12\"><div class=\"module-inside masonry-grid-inside\" style=\"--cornerRadius:0px 0px 0px 0px ; --top-mod: 0px;--bottom-mod: 0px;--top-mod-t: 0px;--bottom-mod-t: 0px;--top-mod-m:0px;--bottom-mod-m:0px;\" ><div class=\"ux-portfolio-full bm-masonry-grid\" data-found=\"6\" data-number=\"20\"><div class=\"grid-stack grid-stack-1670362895477 lightbox-photoswipe      hidden   mouseover-no-effect\" data-spacing-h=\"0\" data-spacing-v=\"0\" data-spacing-mobile-h=\"0\" data-spacing-mobile-v=\"0\" data-item-style=\"image\" data-number=\"20\" data-unique=\"1670362895477\" ><div class=\"grid-stack-item sea-grid-item\" data-postid=\"994\" data-gs-x=\"0\" data-gs-y=\"0\" data-gs-width=\"10\" data-gs-height=\"14\" data-tit=\"Der fliederige Fred\"><div class=\"grid-stack-item-content\"><div class=\"grid-item-inside\" data-lightbox=\"true\" ><div class=\"grid-item-con sea-grid-item-con post--994\"><a data-title=\"\"  class=\"lightbox-item grid-item-mask-link\" href=\"https:\/\/www.reingesaegt.de\/wp-content\/uploads\/2022\/12\/Fred.jpg\" data-size=\"1080x1080\"><img decoding=\"async\" class=\"lightbox-img-hide\" width=\"1080\" height=\"1080\" src=\"data:image\/gif;base64,R0lGODlhAQABAIAAAAAAAP\/\/\/yH5BAEAAAAALAAAAAABAAEAAAIBRAA7\" alt=\"Der fliederige Fred\" \/><\/a><div class=\"grid-item-con-text\"><\/div><\/div><div class=\"brick-content ux-lazyload-wrap\" style=\" padding-top: 100%;\"><img decoding=\"async\" src=\"data:image\/gif;base64,R0lGODlhAQABAIAAAAAAAP\/\/\/yH5BAEAAAAALAAAAAABAAEAAAIBRAA7\" data-xx=\"10\" data-src=\"https:\/\/www.reingesaegt.de\/wp-content\/uploads\/2022\/12\/Fred.jpg\" data-srcset=\"https:\/\/www.reingesaegt.de\/wp-content\/uploads\/2022\/12\/Fred.jpg 1080w, https:\/\/www.reingesaegt.de\/wp-content\/uploads\/2022\/12\/Fred-300x300.jpg 300w, https:\/\/www.reingesaegt.de\/wp-content\/uploads\/2022\/12\/Fred-1024x1024.jpg 1024w, https:\/\/www.reingesaegt.de\/wp-content\/uploads\/2022\/12\/Fred-150x150.jpg 150w, https:\/\/www.reingesaegt.de\/wp-content\/uploads\/2022\/12\/Fred-768x768.jpg 768w, https:\/\/www.reingesaegt.de\/wp-content\/uploads\/2022\/12\/Fred-350x350.jpg 350w, https:\/\/www.reingesaegt.de\/wp-content\/uploads\/2022\/12\/Fred-650x650.jpg 650w, https:\/\/www.reingesaegt.de\/wp-content\/uploads\/2022\/12\/Fred-1000x1000.jpg 1000w\" data-sizes=\"(max-width: 480px) 320px,(max-width: 767px) 500px,(max-width: 1080px) 100vw, 1080px\" alt=\"Der fliederige Fred\" class=\"grid-item-img ux-background-img-1st lazy\"><\/div><\/div><\/div><\/div><div class=\"grid-stack-item sea-grid-item\" data-postid=\"995\" data-gs-x=\"17\" data-gs-y=\"15\" data-gs-width=\"7\" data-gs-height=\"8\" data-tit=\"Balkonidylle\"><div class=\"grid-stack-item-content\"><div class=\"grid-item-inside\" data-lightbox=\"true\" ><div class=\"grid-item-con sea-grid-item-con post--995\"><a data-title=\"\"  class=\"lightbox-item grid-item-mask-link\" href=\"https:\/\/www.reingesaegt.de\/wp-content\/uploads\/2022\/12\/balkonidylle.jpg\" data-size=\"1100x1200\"><img decoding=\"async\" class=\"lightbox-img-hide\" width=\"1100\" height=\"1200\" src=\"data:image\/gif;base64,R0lGODlhAQABAIAAAAAAAP\/\/\/yH5BAEAAAAALAAAAAABAAEAAAIBRAA7\" alt=\"Balkonidylle\" \/><\/a><div class=\"grid-item-con-text\"><\/div><\/div><div class=\"brick-content ux-lazyload-wrap\" style=\" padding-top: 109.09090909091%;\"><img decoding=\"async\" src=\"data:image\/gif;base64,R0lGODlhAQABAIAAAAAAAP\/\/\/yH5BAEAAAAALAAAAAABAAEAAAIBRAA7\" data-xx=\"7\" data-src=\"https:\/\/www.reingesaegt.de\/wp-content\/uploads\/2022\/12\/balkonidylle.jpg\" data-srcset=\"https:\/\/www.reingesaegt.de\/wp-content\/uploads\/2022\/12\/balkonidylle.jpg 1100w, https:\/\/www.reingesaegt.de\/wp-content\/uploads\/2022\/12\/balkonidylle-275x300.jpg 275w, https:\/\/www.reingesaegt.de\/wp-content\/uploads\/2022\/12\/balkonidylle-939x1024.jpg 939w, https:\/\/www.reingesaegt.de\/wp-content\/uploads\/2022\/12\/balkonidylle-768x838.jpg 768w, https:\/\/www.reingesaegt.de\/wp-content\/uploads\/2022\/12\/balkonidylle-350x382.jpg 350w, https:\/\/www.reingesaegt.de\/wp-content\/uploads\/2022\/12\/balkonidylle-650x709.jpg 650w, https:\/\/www.reingesaegt.de\/wp-content\/uploads\/2022\/12\/balkonidylle-1000x1091.jpg 1000w\" data-sizes=\"(max-width: 480px) 320px,(max-width: 767px) 500px,(max-width: 1100px) 100vw, 1100px\" alt=\"Balkonidylle\" class=\"grid-item-img ux-background-img-1st lazy\"><\/div><\/div><\/div><\/div><div class=\"grid-stack-item sea-grid-item\" data-postid=\"993\" data-gs-x=\"0\" data-gs-y=\"18\" data-gs-width=\"6\" data-gs-height=\"8\" data-tit=\"BONDUELLE DIE  FAMOSE LANDWIRTSCHAFTLICHE  AUSHILFSKRAFT BEIM BESTAUNEN  DES Z\u00dcGIGEN M\u00d6HRENWACHSTUMS. OHLALA!\"><div class=\"grid-stack-item-content\"><div class=\"grid-item-inside\" data-lightbox=\"true\" ><div class=\"grid-item-con sea-grid-item-con post--993\"><a data-title=\"\"  class=\"lightbox-item grid-item-mask-link\" href=\"https:\/\/www.reingesaegt.de\/wp-content\/uploads\/2022\/12\/bonduelle.jpg\" data-size=\"1200x1380\"><img decoding=\"async\" class=\"lightbox-img-hide\" width=\"1200\" height=\"1380\" src=\"data:image\/gif;base64,R0lGODlhAQABAIAAAAAAAP\/\/\/yH5BAEAAAAALAAAAAABAAEAAAIBRAA7\" alt=\"BONDUELLE DIE  FAMOSE LANDWIRTSCHAFTLICHE  AUSHILFSKRAFT BEIM BESTAUNEN  DES Z\u00dcGIGEN M\u00d6HRENWACHSTUMS. OHLALA!\" \/><\/a><div class=\"grid-item-con-text\"><\/div><\/div><div class=\"brick-content ux-lazyload-wrap\" style=\" padding-top: 115%;\"><img decoding=\"async\" src=\"data:image\/gif;base64,R0lGODlhAQABAIAAAAAAAP\/\/\/yH5BAEAAAAALAAAAAABAAEAAAIBRAA7\" data-xx=\"6\" data-src=\"https:\/\/www.reingesaegt.de\/wp-content\/uploads\/2022\/12\/bonduelle.jpg\" data-srcset=\"https:\/\/www.reingesaegt.de\/wp-content\/uploads\/2022\/12\/bonduelle-1000x1150.jpg 1000w, https:\/\/www.reingesaegt.de\/wp-content\/uploads\/2022\/12\/bonduelle-261x300.jpg 261w, https:\/\/www.reingesaegt.de\/wp-content\/uploads\/2022\/12\/bonduelle-890x1024.jpg 890w, https:\/\/www.reingesaegt.de\/wp-content\/uploads\/2022\/12\/bonduelle-768x883.jpg 768w, https:\/\/www.reingesaegt.de\/wp-content\/uploads\/2022\/12\/bonduelle-350x403.jpg 350w, https:\/\/www.reingesaegt.de\/wp-content\/uploads\/2022\/12\/bonduelle-650x748.jpg 650w, https:\/\/www.reingesaegt.de\/wp-content\/uploads\/2022\/12\/bonduelle.jpg 1200w\" data-sizes=\"(max-width: 480px) 320px,(max-width: 767px) 500px,(max-width: 1000px) 100vw, 1000px\" alt=\"BONDUELLE DIE FAMOSE LANDWIRTSCHAFTLICHE AUSHILFSKRAFT BEIM BESTAUNEN DES Z\u00dcGIGEN M\u00d6HRENWACHSTUMS. OHLALA!\" class=\"grid-item-img ux-background-img-1st lazy\"><\/div><\/div><\/div><\/div><div class=\"grid-stack-item sea-grid-item\" data-postid=\"990\" data-gs-x=\"16\" data-gs-y=\"0\" data-gs-width=\"8\" data-gs-height=\"14\" data-tit=\"ALEXANDER, MEIN LIEBER  ALEXANDER,  DU BIST SCHON WIEDER TOTAL DURCHEINANDER\"><div class=\"grid-stack-item-content\"><div class=\"grid-item-inside\" data-lightbox=\"true\" ><div class=\"grid-item-con sea-grid-item-con post--990\"><a data-title=\"\"  class=\"lightbox-item grid-item-mask-link\" href=\"https:\/\/www.reingesaegt.de\/wp-content\/uploads\/2022\/12\/annemaries2.jpg\" data-size=\"433x650\"><img decoding=\"async\" class=\"lightbox-img-hide\" width=\"433\" height=\"650\" src=\"data:image\/gif;base64,R0lGODlhAQABAIAAAAAAAP\/\/\/yH5BAEAAAAALAAAAAABAAEAAAIBRAA7\" alt=\"ALEXANDER, MEIN LIEBER  ALEXANDER,  DU BIST SCHON WIEDER TOTAL DURCHEINANDER\" \/><\/a><div class=\"grid-item-con-text\"><\/div><\/div><div class=\"brick-content ux-lazyload-wrap\" style=\" padding-top: 150.11547344111%;\"><img decoding=\"async\" src=\"data:image\/gif;base64,R0lGODlhAQABAIAAAAAAAP\/\/\/yH5BAEAAAAALAAAAAABAAEAAAIBRAA7\" data-xx=\"8\" data-src=\"https:\/\/www.reingesaegt.de\/wp-content\/uploads\/2022\/12\/annemaries2.jpg\" data-srcset=\"https:\/\/www.reingesaegt.de\/wp-content\/uploads\/2022\/12\/annemaries2.jpg 433w, https:\/\/www.reingesaegt.de\/wp-content\/uploads\/2022\/12\/annemaries2-200x300.jpg 200w, https:\/\/www.reingesaegt.de\/wp-content\/uploads\/2022\/12\/annemaries2-350x525.jpg 350w\" data-sizes=\"(max-width: 480px) 320px,(max-width: 767px) 500px,(max-width: 433px) 100vw, 433px\" alt=\"ALEXANDER, MEIN LIEBER ALEXANDER, DU BIST SCHON WIEDER TOTAL DURCHEINANDER\" class=\"grid-item-img ux-background-img-1st lazy\"><\/div><\/div><\/div><\/div><div class=\"grid-stack-item sea-grid-item\" data-postid=\"991\" data-gs-x=\"11\" data-gs-y=\"2\" data-gs-width=\"4\" data-gs-height=\"10\" data-tit=\"DESTO DIETER DER DENKER.  JE TIEFER DIE NACHT,  DESTO BESSER DIE IDEE.  JE FR\u00dcHER DER MORGEN,  DESTO TR\u00dcBER DER BLICK.  JE MITTIGER DER TAG,  DESTO FERNER DER ABEND ALS AUCH DER MORGEN,  ODER SO.\"><div class=\"grid-stack-item-content\"><div class=\"grid-item-inside\" data-lightbox=\"true\" ><div class=\"grid-item-con sea-grid-item-con post--991\"><a data-title=\"\"  class=\"lightbox-item grid-item-mask-link\" href=\"https:\/\/www.reingesaegt.de\/wp-content\/uploads\/2022\/12\/dieter.jpg\" data-size=\"433x650\"><img decoding=\"async\" class=\"lightbox-img-hide\" width=\"433\" height=\"650\" src=\"data:image\/gif;base64,R0lGODlhAQABAIAAAAAAAP\/\/\/yH5BAEAAAAALAAAAAABAAEAAAIBRAA7\" alt=\"DESTO DIETER DER DENKER.  JE TIEFER DIE NACHT,  DESTO BESSER DIE IDEE.  JE FR\u00dcHER DER MORGEN,  DESTO TR\u00dcBER DER BLICK.  JE MITTIGER DER TAG,  DESTO FERNER DER ABEND ALS AUCH DER MORGEN,  ODER SO.\" \/><\/a><div class=\"grid-item-con-text\"><\/div><\/div><div class=\"brick-content ux-lazyload-wrap\" style=\" padding-top: 150.11547344111%;\"><img decoding=\"async\" src=\"data:image\/gif;base64,R0lGODlhAQABAIAAAAAAAP\/\/\/yH5BAEAAAAALAAAAAABAAEAAAIBRAA7\" data-xx=\"4\" data-src=\"https:\/\/www.reingesaegt.de\/wp-content\/uploads\/2022\/12\/dieter.jpg\" data-srcset=\"https:\/\/www.reingesaegt.de\/wp-content\/uploads\/2022\/12\/dieter.jpg 433w, https:\/\/www.reingesaegt.de\/wp-content\/uploads\/2022\/12\/dieter-200x300.jpg 200w, https:\/\/www.reingesaegt.de\/wp-content\/uploads\/2022\/12\/dieter-350x525.jpg 350w\" data-sizes=\"(max-width: 480px) 320px,(max-width: 767px) 500px,(max-width: 433px) 100vw, 433px\" alt=\"DESTO DIETER DER DENKER. JE TIEFER DIE NACHT, DESTO BESSER DIE IDEE. JE FR\u00dcHER DER MORGEN, DESTO TR\u00dcBER DER BLICK. JE MITTIGER DER TAG, DESTO FERNER DER ABEND ALS AUCH DER MORGEN, ODER SO.\" class=\"grid-item-img ux-background-img-1st lazy\"><\/div><\/div><\/div><\/div><div class=\"grid-stack-item sea-grid-item\" data-postid=\"992\" data-gs-x=\"7\" data-gs-y=\"14\" data-gs-width=\"9\" data-gs-height=\"13\" data-tit=\"Malu M. Luther\"><div class=\"grid-stack-item-content\"><div class=\"grid-item-inside\" data-lightbox=\"true\" ><div class=\"grid-item-con sea-grid-item-con post--992\"><a data-title=\"\"  class=\"lightbox-item grid-item-mask-link\" href=\"https:\/\/www.reingesaegt.de\/wp-content\/uploads\/2022\/12\/malu-1.jpg\" data-size=\"433x650\"><img decoding=\"async\" class=\"lightbox-img-hide\" width=\"433\" height=\"650\" src=\"data:image\/gif;base64,R0lGODlhAQABAIAAAAAAAP\/\/\/yH5BAEAAAAALAAAAAABAAEAAAIBRAA7\" alt=\"Malu M. Luther\" \/><\/a><div class=\"grid-item-con-text\"><\/div><\/div><div class=\"brick-content ux-lazyload-wrap\" style=\" padding-top: 150.11547344111%;\"><img decoding=\"async\" src=\"data:image\/gif;base64,R0lGODlhAQABAIAAAAAAAP\/\/\/yH5BAEAAAAALAAAAAABAAEAAAIBRAA7\" data-xx=\"9\" data-src=\"https:\/\/www.reingesaegt.de\/wp-content\/uploads\/2022\/12\/malu-1.jpg\" data-srcset=\"https:\/\/www.reingesaegt.de\/wp-content\/uploads\/2022\/12\/malu-1.jpg 433w, https:\/\/www.reingesaegt.de\/wp-content\/uploads\/2022\/12\/malu-1-200x300.jpg 200w, https:\/\/www.reingesaegt.de\/wp-content\/uploads\/2022\/12\/malu-1-350x525.jpg 350w\" data-sizes=\"(max-width: 480px) 320px,(max-width: 767px) 500px,(max-width: 433px) 100vw, 433px\" alt=\"Malu M. Luther\" class=\"grid-item-img ux-background-img-1st lazy\"><\/div><\/div><\/div><\/div><\/div><\/div><\/div><\/div><div id=\"\" class=\"module col-12 module-id-1670360686886\" data-module-col=\"12\"><div class=\"module-inside text-inside\" style=\"--top-mod: 60px;--bottom-mod: 60px;--top-mod-t: 60px;--bottom-mod-t: 60px;--top-mod-m:30px;--bottom-mod-m:50px;\" ><div class=\"text_block_out\"  data-effect=\"standard\" style=\"\"><div class=\"text_block ux-mod-nobg\"><div class=\"text_block_inn\"><div id=\"text-1670360686886\" class=\"text_block_centered text_block_centered_enable_width\"  style=\"\"><h1><span style=\"color: #ffffff;\">VOGEL-VERGR\u00c4M-OBJEKTE<span class=\"flie\u00dftext\"><br><\/span><\/span><\/h1>\n<p><span style=\"color: #ffffff;\">sind eine neue k\u00fcnstlerische Vision f\u00fcr die Zukunft um Ernteeinbu\u00dfen durch Vogelfra\u00df zu verhindern.<\/span><\/p>\n<p><span style=\"color: #ffffff;\">Es wird auf eine tiefgreifende Verunsicherung seitens der V\u00f6gel gesetzt, die solch bunte Figuren noch nie gesehen haben. Manche V\u00f6gel sollen mit dem Fliegen ganz aufgeh\u00f6rt haben und an einen anderen Ort abgewandert sein<\/span><\/p>\n<p><span style=\"font-size: 30px;\" data-msize=\"18\">&nbsp;<\/span><\/p><\/div><\/div><\/div><\/div><\/div><\/div><\/div><\/div><\/div>","protected":false},"excerpt":{"rendered":"<p>&nbsp;VOGELVERGR\u00c4M-OBJEKTE &nbsp;VOGEL-VERGR\u00c4M-OBJEKTE sind eine neue k\u00fcnstlerische Vision f\u00fcr die Zukunft &hellip;<\/p>","protected":false},"author":1,"featured_media":0,"parent":0,"menu_order":0,"comment_status":"closed","ping_status":"closed","template":"","meta":{"inline_featured_image":false,"footnotes":""},"class_list":["post-985","page","type-page","status-publish","hentry"],"_links":{"self":[{"href":"https:\/\/www.reingesaegt.de\/en\/wp-json\/wp\/v2\/pages\/985","targetHints":{"allow":["GET"]}}],"collection":[{"href":"https:\/\/www.reingesaegt.de\/en\/wp-json\/wp\/v2\/pages"}],"about":[{"href":"https:\/\/www.reingesaegt.de\/en\/wp-json\/wp\/v2\/types\/page"}],"author":[{"embeddable":true,"href":"https:\/\/www.reingesaegt.de\/en\/wp-json\/wp\/v2\/users\/1"}],"replies":[{"embeddable":true,"href":"https:\/\/www.reingesaegt.de\/en\/wp-json\/wp\/v2\/comments?post=985"}],"version-history":[{"count":2,"href":"https:\/\/www.reingesaegt.de\/en\/wp-json\/wp\/v2\/pages\/985\/revisions"}],"predecessor-version":[{"id":1153,"href":"https:\/\/www.reingesaegt.de\/en\/wp-json\/wp\/v2\/pages\/985\/revisions\/1153"}],"wp:attachment":[{"href":"https:\/\/www.reingesaegt.de\/en\/wp-json\/wp\/v2\/media?parent=985"}],"curies":[{"name":"wp","href":"https:\/\/api.w.org\/{rel}","templated":true}]}}